{"id":66,"date":"2023-04-17T15:13:07","date_gmt":"2023-04-17T15:13:07","guid":{"rendered":"https:\/\/www.picahack.org\/formulario-de-contacto\/?page_id=66"},"modified":"2023-05-30T17:43:18","modified_gmt":"2023-05-30T17:43:18","slug":"formulario-de-evento","status":"publish","type":"page","link":"https:\/\/www.picahack.org\/formulario-de-contacto\/es\/formulario-de-evento\/","title":{"rendered":"Formulario de evento"},"content":{"rendered":"\n<div class=\"wpcf7 no-js\" id=\"wpcf7-f65-o1\" lang=\"es-ES\" dir=\"ltr\" data-wpcf7-id=\"65\">\n<div class=\"screen-reader-response\"><p role=\"status\" aria-live=\"polite\" aria-atomic=\"true\"><\/p> <ul><\/ul><\/div>\n<form action=\"\/formulario-de-contacto\/es\/wp-json\/wp\/v2\/pages\/66#wpcf7-f65-o1\" method=\"post\" class=\"wpcf7-form init\" aria-label=\"Formulario de contacto\" novalidate=\"novalidate\" data-status=\"init\">\n<fieldset class=\"hidden-fields-container\"><input type=\"hidden\" name=\"_wpcf7\" value=\"65\" \/><input type=\"hidden\" name=\"_wpcf7_version\" value=\"6.1.5\" \/><input type=\"hidden\" name=\"_wpcf7_locale\" value=\"es_ES\" \/><input type=\"hidden\" name=\"_wpcf7_unit_tag\" value=\"wpcf7-f65-o1\" \/><input type=\"hidden\" name=\"_wpcf7_container_post\" value=\"0\" \/><input type=\"hidden\" name=\"_wpcf7_posted_data_hash\" value=\"\" \/>\n<\/fieldset>\n<p><b>Su(s) nombre(s):<\/b><br \/>\n<span class=\"wpcf7-form-control-wrap\" data-name=\"your-name\"><input size=\"40\" maxlength=\"400\" class=\"wpcf7-form-control wpcf7-text wpcf7-validates-as-required\" aria-required=\"true\" aria-invalid=\"false\" value=\"\" type=\"text\" name=\"your-name\" \/><\/span><br \/>\n<small><i>Indique su nombre (o sus nombres). En general, preferimos que cada persona rellene un formulario, para tener un trato m\u00e1s cercano con cada una.<\/i><\/small>\n<\/p>\n<p><b>Correo(s) electr\u00f3nico(s):<\/b><br \/>\n<span class=\"wpcf7-form-control-wrap\" data-name=\"your-email\"><input size=\"40\" maxlength=\"400\" class=\"wpcf7-form-control wpcf7-text wpcf7-validates-as-required\" aria-required=\"true\" aria-invalid=\"false\" value=\"\" type=\"text\" name=\"your-email\" \/><\/span>\n<\/p>\n<p><b>Motivo del mensaje:<\/b><br \/>\n<span class=\"wpcf7-form-control-wrap\" data-name=\"Motivo\"><span class=\"wpcf7-form-control wpcf7-radio\"><span class=\"wpcf7-list-item first\"><input type=\"radio\" name=\"Motivo\" value=\"Apuntarse a la jornada de iniciaci\u00f3n del s\u00e1bado 30\/05\/2026\" \/><span class=\"wpcf7-list-item-label\">Apuntarse a la jornada de iniciaci\u00f3n del s\u00e1bado 30\/05\/2026<\/span><\/span><span class=\"wpcf7-list-item\"><input type=\"radio\" name=\"Motivo\" value=\"Llevar un aparato a reparar el martes 12\/05\/2026\" \/><span class=\"wpcf7-list-item-label\">Llevar un aparato a reparar el martes 12\/05\/2026<\/span><\/span><span class=\"wpcf7-list-item\"><input type=\"radio\" name=\"Motivo\" value=\"Llevar un aparato a reparar el martes 26\/05\/2026\" \/><span class=\"wpcf7-list-item-label\">Llevar un aparato a reparar el martes 26\/05\/2026<\/span><\/span><span class=\"wpcf7-list-item\"><input type=\"radio\" name=\"Motivo\" value=\"Cuestiones acerca de la agenda de actividades\" \/><span class=\"wpcf7-list-item-label\">Cuestiones acerca de la agenda de actividades<\/span><\/span><span class=\"wpcf7-list-item last\"><input type=\"radio\" name=\"Motivo\" value=\"Otro (al margen de la agenda de actividades)\" \/><span class=\"wpcf7-list-item-label\">Otro (al margen de la agenda de actividades)<\/span><\/span><\/span><\/span>\n<\/p>\n<p><b>\u00bfHa (hab\u00e9is) tenido contacto con GNU\/Linux antes?:<\/b><br \/>\n<small><i>Si sois varias personas con distinta respuesta a esta pregunta, agradecer\u00edamos que rellenaseis formularios diferentes.<\/i><\/small><br \/>\n<span class=\"wpcf7-form-control-wrap\" data-name=\"Conocimiento\"><span class=\"wpcf7-form-control wpcf7-radio\"><span class=\"wpcf7-list-item first\"><input type=\"radio\" name=\"Conocimiento\" value=\"S\u00ed, bastante\" \/><span class=\"wpcf7-list-item-label\">S\u00ed, bastante<\/span><\/span><span class=\"wpcf7-list-item\"><input type=\"radio\" name=\"Conocimiento\" value=\"S\u00ed, alguna vez, pero poco\" \/><span class=\"wpcf7-list-item-label\">S\u00ed, alguna vez, pero poco<\/span><\/span><span class=\"wpcf7-list-item\"><input type=\"radio\" name=\"Conocimiento\" value=\"No, nunca\" \/><span class=\"wpcf7-list-item-label\">No, nunca<\/span><\/span><span class=\"wpcf7-list-item last\"><input type=\"radio\" name=\"Conocimiento\" value=\"Nunca escuch\u00e9 hablar de nada parecido\" \/><span class=\"wpcf7-list-item-label\">Nunca escuch\u00e9 hablar de nada parecido<\/span><\/span><\/span><\/span>\n<\/p>\n<p><b>\u00bfTiene la intenci\u00f3n de traer alg\u00fan ordenador para instalar un sistema libre?:<\/b><br \/>\n<span class=\"wpcf7-form-control-wrap\" data-name=\"Instalar\"><span class=\"wpcf7-form-control wpcf7-radio\"><span class=\"wpcf7-list-item first\"><input type=\"radio\" name=\"Instalar\" value=\"Por ahora solo quiero preguntar\" \/><span class=\"wpcf7-list-item-label\">Por ahora solo quiero preguntar<\/span><\/span><span class=\"wpcf7-list-item\"><input type=\"radio\" name=\"Instalar\" value=\"S\u00ed\" \/><span class=\"wpcf7-list-item-label\">S\u00ed<\/span><\/span><span class=\"wpcf7-list-item last\"><input type=\"radio\" name=\"Instalar\" value=\"No\" \/><span class=\"wpcf7-list-item-label\">No<\/span><\/span><\/span><\/span>\n<\/p>\n<p><b>Si la respuesta a la anterior pregunta es S\u00ed, por favor indique aqu\u00ed las caracter\u00edsticas que conozca de su ordenador:<\/b><br \/>\n<span class=\"wpcf7-form-control-wrap\" data-name=\"Ordenador\"><textarea cols=\"40\" rows=\"10\" maxlength=\"2000\" class=\"wpcf7-form-control wpcf7-textarea\" aria-invalid=\"false\" name=\"Ordenador\"><\/textarea><\/span><br \/>\n<small><i>Ser\u00eda interesante, en la medida de lo posible, indicar marca y modelo, cu\u00e1ntos a\u00f1os tiene, cantidad de memoria RAM, cantidad de espacio libre en el disco interno, y si tiene lector de CD\/DVD.<\/i><\/small>\n<\/p>\n<p><b>\u00bfQuiere recibir informaci\u00f3n de futuras actividades?:<\/b><br \/>\n<span class=\"wpcf7-form-control-wrap\" data-name=\"Instalar\"><span class=\"wpcf7-form-control wpcf7-radio\"><span class=\"wpcf7-list-item first\"><input type=\"radio\" name=\"Instalar\" value=\"Por ahora solo quiero preguntar\" \/><span class=\"wpcf7-list-item-label\">Por ahora solo quiero preguntar<\/span><\/span><span class=\"wpcf7-list-item\"><input type=\"radio\" name=\"Instalar\" value=\"S\u00ed\" \/><span class=\"wpcf7-list-item-label\">S\u00ed<\/span><\/span><span class=\"wpcf7-list-item last\"><input type=\"radio\" name=\"Instalar\" value=\"No\" \/><span class=\"wpcf7-list-item-label\">No<\/span><\/span><\/span><\/span>\n<\/p>\n<p><b>Preguntas, dudas, sugerencias:<\/b><br \/>\n<span class=\"wpcf7-form-control-wrap\" data-name=\"Comentarios\"><textarea cols=\"40\" rows=\"10\" maxlength=\"2000\" class=\"wpcf7-form-control wpcf7-textarea\" aria-invalid=\"false\" name=\"Comentarios\"><\/textarea><\/span>\n<\/p>\n<p><span class=\"wpcf7-form-control-wrap kc_captcha\" data-name=\"kc_captcha\"><span class=\"wpcf7-form-control wpcf7-radio\"><span class=\"captcha-image\" ><span class=\"cf7ic_instructions\">Por favor, prueba que eres humano seleccionando el<span> casa<\/span>.<\/span><label><input aria-label=\"1\" type=\"radio\" name=\"kc_captcha\" value=\"bot\" \/><svg aria-hidden=\"true\" role=\"img\" xmlns=\"http:\/\/www.w3.org\/2000\/svg\" viewBox=\"0 0 576 512\"><path fill=\"currentColor\" d=\"M415 24c-53 0-103 42-127 65-24-23-74-65-127-65C70 24 16 77 16 166c0 72 67 133 69 135l187 181c9 8 23 8 32 0l187-180c2-3 69-64 69-136 0-89-54-142-145-142z\"\/><\/svg><\/label><label><input aria-label=\"2\" type=\"radio\" name=\"kc_captcha\" value=\"kc_human\" \/><svg aria-hidden=\"true\" role=\"img\" xmlns=\"http:\/\/www.w3.org\/2000\/svg\" viewBox=\"0 0 576 512\"><path fill=\"currentColor\" d=\"M488 313v143c0 13-11 24-24 24H348c-7 0-12-5-12-12V356c0-7-5-12-12-12h-72c-7 0-12 5-12 12v112c0 7-5 12-12 12H112c-13 0-24-11-24-24V313c0-4 2-7 4-10l188-154c5-4 11-4 16 0l188 154c2 3 4 6 4 10zm84-61l-84-69V44c0-6-5-12-12-12h-56c-7 0-12 6-12 12v73l-89-74a48 48 0 00-61 0L4 252c-5 4-5 12-1 17l25 31c5 5 12 5 17 1l235-193c5-4 11-4 16 0l235 193c5 5 13 4 17-1l25-31c4-6 4-13-1-17z\"\/><\/svg><\/label><label><input aria-label=\"3\" type=\"radio\" name=\"kc_captcha\" value=\"bot\" \/><svg aria-hidden=\"true\" role=\"img\" xmlns=\"http:\/\/www.w3.org\/2000\/svg\" viewBox=\"0 0 576 512\"><path fill=\"currentColor\" d=\"M259 18l-65 132-146 22c-26 3-37 36-18 54l106 103-25 146c-5 26 23 46 46 33l131-68 131 68c23 13 51-7 46-33l-25-146 106-103c19-18 8-51-18-54l-146-22-65-132a32 32 0 00-58 0z\"\/><\/svg><\/label>\r\n    <\/span>\r\n    <span style=\"display:none\">\r\n        <input type=\"text\" name=\"kc_honeypot\">\r\n    <\/span><\/span><\/span>\n<\/p>\n<p><p><span class=\"wpcf7-form-control-wrap\"><input type=\"hidden\" name=\"php_start_time\" value=\"1777933072.2003\" \/><input type=\"hidden\" name=\"js_end_time\" class=\"js_end_time\" value=\"\" \/><input type=\"hidden\" name=\"js_start_time\" class=\"js_start_time\" value=\"\" \/><input id=\"f12_captcha\" type=\"text\" style=\"visibility:hidden!important; opacity:1!important; height:0!important; width:0!important; margin:0!important; padding:0!important;\" name=\"f12_captcha\" value=\"\"\/><input type=\"hidden\" name=\"behavior_nonce\" value=\"\" \/><script>\r\n(function(){\r\n\tvar el = document.currentScript;\r\n\tif (!el) return;\r\n\tvar form = el.closest(\"form\");\r\n\tif (!form || form.dataset.ssInit === \"1\") return;\r\n\tform.dataset.ssInit = \"1\";\r\n\tform.dataset.ssMode = \"protect\";\r\n\tform.dataset.ssSource = \"rule\";\r\n})();\r\n<\/script><\/span><\/p><input class=\"wpcf7-form-control wpcf7-submit has-spinner\" type=\"submit\" value=\"Enviar\" \/>\n<\/p><div class=\"wpcf7-response-output\" aria-hidden=\"true\"><\/div>\n<\/form>\n<\/div>\n\n<p>Al enviar, deber\u00eda ver el mensaje <i>&#8220;Gracias por tu mensaje. Ha sido enviado.&#8221;<\/i> dentro de un cuadro verde.<\/p>\n<p>En caso contrario, env\u00ede un correo electr\u00f3nico a &nbsp;&nbsp; picapica (a) inventati.org &nbsp;&nbsp; como se comenta <a href=\"https:\/\/www.picahack.org\/contacto.html\">aqu\u00ed<\/a>.<\/p>\n","protected":false},"excerpt":{"rendered":"<p>Al enviar, deber\u00eda ver el mensaje &#8220;Gracias por tu mensaje. Ha sido enviado.&#8221; dentro de un cuadro verde. En caso contrario, env\u00ede un correo electr\u00f3nico a &nbsp;&nbsp; picapica (a) inventati.org &nbsp;&nbsp; como se comenta aqu\u00ed.<\/p>\n","protected":false},"author":1,"featured_media":0,"parent":0,"menu_order":0,"comment_status":"closed","ping_status":"closed","template":"","meta":{"footnotes":""},"class_list":["post-66","page","type-page","status-publish","hentry"],"_links":{"self":[{"href":"https:\/\/www.picahack.org\/formulario-de-contacto\/es\/wp-json\/wp\/v2\/pages\/66","targetHints":{"allow":["GET"]}}],"collection":[{"href":"https:\/\/www.picahack.org\/formulario-de-contacto\/es\/wp-json\/wp\/v2\/pages"}],"about":[{"href":"https:\/\/www.picahack.org\/formulario-de-contacto\/es\/wp-json\/wp\/v2\/types\/page"}],"author":[{"embeddable":true,"href":"https:\/\/www.picahack.org\/formulario-de-contacto\/es\/wp-json\/wp\/v2\/users\/1"}],"replies":[{"embeddable":true,"href":"https:\/\/www.picahack.org\/formulario-de-contacto\/es\/wp-json\/wp\/v2\/comments?post=66"}],"version-history":[{"count":2,"href":"https:\/\/www.picahack.org\/formulario-de-contacto\/es\/wp-json\/wp\/v2\/pages\/66\/revisions"}],"predecessor-version":[{"id":95,"href":"https:\/\/www.picahack.org\/formulario-de-contacto\/es\/wp-json\/wp\/v2\/pages\/66\/revisions\/95"}],"wp:attachment":[{"href":"https:\/\/www.picahack.org\/formulario-de-contacto\/es\/wp-json\/wp\/v2\/media?parent=66"}],"curies":[{"name":"wp","href":"https:\/\/api.w.org\/{rel}","templated":true}]}}